{"id":268,"date":"2021-08-23T14:35:51","date_gmt":"2021-08-23T17:35:51","guid":{"rendered":"https:\/\/www.saudetaubate.com.br\/?page_id=268"},"modified":"2021-08-23T14:39:17","modified_gmt":"2021-08-23T17:39:17","slug":"seguro-viagem","status":"publish","type":"page","link":"https:\/\/www.saudetaubate.com.br\/?page_id=268","title":{"rendered":"Seguro Viagem"},"content":{"rendered":"\t\t<div data-elementor-type=\"wp-page\" data-elementor-id=\"268\" class=\"elementor elementor-268\" data-elementor-post-type=\"page\">\n\t\t\t\t\t\t<section data-dce-background-color=\"#561855\" class=\"elementor-section elementor-top-section elementor-element elementor-element-53e9d40 elementor-section-boxed elementor-section-height-default elementor-section-height-default\" data-id=\"53e9d40\" data-element_type=\"section\" data-settings=\"{&quot;background_background&quot;:&quot;gradient&quot;}\">\n\t\t\t\t\t\t<div class=\"elementor-container elementor-column-gap-default\">\n\t\t\t\t\t<div class=\"elementor-column elementor-col-100 elementor-top-column elementor-element elementor-element-0d9a125\" data-id=\"0d9a125\" data-element_type=\"column\">\n\t\t\t<div class=\"elementor-widget-wrap elementor-element-populated\">\n\t\t\t\t\t\t<div class=\"elementor-element elementor-element-688a6fd elementor-align-center elementor-widget elementor-widget-breadcrumbs\" data-id=\"688a6fd\" data-element_type=\"widget\" data-widget_type=\"breadcrumbs.default\">\n\t\t\t\t<div class=\"elementor-widget-container\">\n\t\t\t<link rel=\"stylesheet\" href=\"https:\/\/www.saudetaubate.com.br\/wp-content\/plugins\/elementor-pro\/assets\/css\/widget-theme-elements.min.css\"><p id=\"breadcrumbs\"><span><span><a href=\"https:\/\/www.saudetaubate.com.br\/\">In\u00edcio<\/a><\/span><\/span><\/p>\t\t<\/div>\n\t\t\t\t<\/div>\n\t\t\t\t\t<\/div>\n\t\t<\/div>\n\t\t\t\t\t<\/div>\n\t\t<\/section>\n\t\t\t\t<section class=\"elementor-section elementor-top-section elementor-element elementor-element-425eb3c elementor-section-full_width elementor-section-height-default elementor-section-height-default\" data-id=\"425eb3c\" data-element_type=\"section\">\n\t\t\t\t\t\t<div class=\"elementor-container elementor-column-gap-default\">\n\t\t\t\t\t<div data-dce-background-color=\"#4A90E2\" class=\"elementor-column elementor-col-25 elementor-top-column elementor-element elementor-element-b0d38eb\" data-id=\"b0d38eb\" data-element_type=\"column\" data-settings=\"{&quot;background_background&quot;:&quot;classic&quot;}\">\n\t\t\t<div class=\"elementor-widget-wrap elementor-element-populated\">\n\t\t\t\t\t\t<div class=\"elementor-element elementor-element-2dd4ebd elementor-widget elementor-widget-html\" data-id=\"2dd4ebd\" data-element_type=\"widget\" data-widget_type=\"html.default\">\n\t\t\t\t<div class=\"elementor-widget-container\">\n\t\t\t<div style=\"padding:1px;\"><\/div>\t\t<\/div>\n\t\t\t\t<\/div>\n\t\t\t\t\t<\/div>\n\t\t<\/div>\n\t\t\t\t<div data-dce-background-color=\"#F8AD1C\" class=\"elementor-column elementor-col-25 elementor-top-column elementor-element elementor-element-ded2888\" data-id=\"ded2888\" data-element_type=\"column\" data-settings=\"{&quot;background_background&quot;:&quot;classic&quot;}\">\n\t\t\t<div class=\"elementor-widget-wrap elementor-element-populated\">\n\t\t\t\t\t\t<div class=\"elementor-element elementor-element-5cab421 elementor-widget elementor-widget-html\" data-id=\"5cab421\" data-element_type=\"widget\" data-widget_type=\"html.default\">\n\t\t\t\t<div class=\"elementor-widget-container\">\n\t\t\t<div style=\"padding:1px;\"><\/div>\t\t<\/div>\n\t\t\t\t<\/div>\n\t\t\t\t\t<\/div>\n\t\t<\/div>\n\t\t\t\t<div data-dce-background-color=\"#7ED321\" class=\"elementor-column elementor-col-25 elementor-top-column elementor-element elementor-element-c29731b\" data-id=\"c29731b\" data-element_type=\"column\" data-settings=\"{&quot;background_background&quot;:&quot;classic&quot;}\">\n\t\t\t<div class=\"elementor-widget-wrap elementor-element-populated\">\n\t\t\t\t\t\t<div class=\"elementor-element elementor-element-e0c60bc elementor-widget elementor-widget-html\" data-id=\"e0c60bc\" data-element_type=\"widget\" data-widget_type=\"html.default\">\n\t\t\t\t<div class=\"elementor-widget-container\">\n\t\t\t<div style=\"padding:1px;\"><\/div>\t\t<\/div>\n\t\t\t\t<\/div>\n\t\t\t\t\t<\/div>\n\t\t<\/div>\n\t\t\t\t<div data-dce-background-color=\"#4A90E2\" class=\"elementor-column elementor-col-25 elementor-top-column elementor-element elementor-element-0364c5e\" data-id=\"0364c5e\" data-element_type=\"column\" data-settings=\"{&quot;background_background&quot;:&quot;classic&quot;}\">\n\t\t\t<div class=\"elementor-widget-wrap elementor-element-populated\">\n\t\t\t\t\t\t<div class=\"elementor-element elementor-element-3fbfba5 elementor-widget elementor-widget-html\" data-id=\"3fbfba5\" data-element_type=\"widget\" data-widget_type=\"html.default\">\n\t\t\t\t<div class=\"elementor-widget-container\">\n\t\t\t<div style=\"padding:1px;\"><\/div>\t\t<\/div>\n\t\t\t\t<\/div>\n\t\t\t\t\t<\/div>\n\t\t<\/div>\n\t\t\t\t\t<\/div>\n\t\t<\/section>\n\t\t\t\t<section class=\"elementor-section elementor-top-section elementor-element elementor-element-d628f26 elementor-section-boxed elementor-section-height-default elementor-section-height-default\" data-id=\"d628f26\" data-element_type=\"section\" data-settings=\"{&quot;background_background&quot;:&quot;classic&quot;}\">\n\t\t\t\t\t\t<div class=\"elementor-container elementor-column-gap-default\">\n\t\t\t\t\t<div class=\"elementor-column elementor-col-100 elementor-top-column elementor-element elementor-element-859cea6\" data-id=\"859cea6\" data-element_type=\"column\" data-settings=\"{&quot;background_background&quot;:&quot;classic&quot;}\">\n\t\t\t<div class=\"elementor-widget-wrap elementor-element-populated\">\n\t\t\t\t\t\t<div class=\"elementor-element elementor-element-8538a03 dce_masking-none elementor-widget elementor-widget-image\" data-id=\"8538a03\" data-element_type=\"widget\" data-widget_type=\"image.default\">\n\t\t\t\t<div class=\"elementor-widget-container\">\n\t\t\t<style>\/*! elementor - v3.21.0 - 15-04-2024 *\/\n.elementor-widget-image{text-align:center}.elementor-widget-image a{display:inline-block}.elementor-widget-image a img[src$=\".svg\"]{width:48px}.elementor-widget-image img{vertical-align:middle;display:inline-block}<\/style>\t\t\t\t\t\t\t\t\t\t<img decoding=\"async\" src=\"https:\/\/www.saudetaubate.com.br\/wp-content\/uploads\/elementor\/thumbs\/seguro-viagem-pc1rz8eec77ervdr41g81qrj6q5mtpuw8s14i2rggy.jpg\" title=\"seguro-viagem\" alt=\"seguro-viagem\" loading=\"lazy\" \/>\t\t\t\t\t\t\t\t\t\t\t\t\t<\/div>\n\t\t\t\t<\/div>\n\t\t\t\t\t<\/div>\n\t\t<\/div>\n\t\t\t\t\t<\/div>\n\t\t<\/section>\n\t\t\t\t<section class=\"elementor-section elementor-top-section elementor-element elementor-element-da3821b elementor-section-boxed elementor-section-height-default elementor-section-height-default\" data-id=\"da3821b\" data-element_type=\"section\">\n\t\t\t\t\t\t<div class=\"elementor-container elementor-column-gap-default\">\n\t\t\t\t\t<div class=\"elementor-column elementor-col-50 elementor-top-column elementor-element elementor-element-0753c6e\" data-id=\"0753c6e\" data-element_type=\"column\">\n\t\t\t<div class=\"elementor-widget-wrap elementor-element-populated\">\n\t\t\t\t\t\t<div class=\"elementor-element elementor-element-4df587d elementor-widget elementor-widget-text-editor\" data-id=\"4df587d\" data-element_type=\"widget\" data-widget_type=\"text-editor.default\">\n\t\t\t\t<div class=\"elementor-widget-container\">\n\t\t\t<style>\/*! elementor - v3.21.0 - 15-04-2024 *\/\n.elementor-widget-text-editor.elementor-drop-cap-view-stacked .elementor-drop-cap{background-color:#69727d;color:#fff}.elementor-widget-text-editor.elementor-drop-cap-view-framed .elementor-drop-cap{color:#69727d;border:3px solid;background-color:transparent}.elementor-widget-text-editor:not(.elementor-drop-cap-view-default) .elementor-drop-cap{margin-top:8px}.elementor-widget-text-editor:not(.elementor-drop-cap-view-default) .elementor-drop-cap-letter{width:1em;height:1em}.elementor-widget-text-editor .elementor-drop-cap{float:left;text-align:center;line-height:1;font-size:50px}.elementor-widget-text-editor .elementor-drop-cap-letter{display:inline-block}<\/style>\t\t\t\t<div class=\"grid-8 servico-conteudo vspace\"><div class=\"grid-8 servico-conteudo vspace\"><div class=\"grid-8 servico-conteudo vspace\"><div class=\"grid-8 servico-conteudo vspace\"><div class=\"grid-8 servico-conteudo vspace\"><p>Viaje mais tranquilo com o seguro de viagem Sulam\u00e9rica.<\/p><h3 class=\"p1\"><strong>Este seguro cobre:<\/strong><\/h3><ul><li class=\"p1\">Cobre despesas m\u00e9dicas, hospitalares e\/ou odontol\u00f3gicas em viagens nacionais ou internacionais.<\/li><\/ul><h5 class=\"p1\"><strong>Al\u00e9m disso possui as seguintes coberturas:<\/strong><\/h5><ul><li>Acompanhante em caso de hospitaliza\u00e7\u00e3o prolongada;<\/li><li>Cancelamento de viagem;<\/li><li>Concierge;<\/li><li>Despesas Jur\u00eddicas;<\/li><li>Despesas M\u00e9dicas, Hospitalares e Odontol\u00f3gicas \u2013 Internacional;<\/li><li>Despesas M\u00e9dicas, Hospitalares e Odontol\u00f3gicas \u2013 Nacional;<\/li><li>Despesas Farmac\u00eauticas;<\/li><li>Extravio de bagagem;<\/li><li>Funeral;<\/li><li>Hospedagem de acompanhante (at\u00e9 10 dias \u2013 limitado ao capital segurado);<\/li><li>Interrup\u00e7\u00e3o de viagem;<\/li><li>Invalidez Permanente Total ou parcial por Acidente em Viagem \u2013 IPA em viagem;<\/li><li>Localiza\u00e7\u00e3o de bagagem;<\/li><li>Morte Acidental em Viagem \u2013 MA em viagem;<\/li><li>Orienta\u00e7\u00e3o em caso de perda de documentos;<\/li><li>Prorroga\u00e7\u00e3o de Estadia (at\u00e9 10 dias \u2013 limitado ao capital segurado) \u2013 di\u00e1ria;<\/li><li>Regresso sanit\u00e1rio;<\/li><li>Retorno de Acompanhante;<\/li><li>Retorno de Menores;<\/li><li>Retorno do Segurado;<\/li><li>Transmiss\u00e3o de mensagens urgentes;<\/li><li>Traslado de corpo;<\/li><li>Traslado m\u00e9dico.<\/li><\/ul><p class=\"p1\">Este seguro \u00e9 obrigat\u00f3rio para viagem \u00e0 Europa (Tratado de Schengen).<\/p><\/div><\/div><\/div><\/div><\/div>\t\t\t\t\t\t<\/div>\n\t\t\t\t<\/div>\n\t\t\t\t\t<\/div>\n\t\t<\/div>\n\t\t\t\t<div data-dce-background-color=\"#571855CF\" class=\"elementor-column elementor-col-50 elementor-top-column elementor-element elementor-element-d603f84\" data-id=\"d603f84\" data-element_type=\"column\" data-settings=\"{&quot;background_background&quot;:&quot;classic&quot;}\">\n\t\t\t<div class=\"elementor-widget-wrap elementor-element-populated\">\n\t\t\t\t\t\t<div class=\"elementor-element elementor-element-8359529 elementor-widget elementor-widget-heading\" data-id=\"8359529\" data-element_type=\"widget\" data-widget_type=\"heading.default\">\n\t\t\t\t<div class=\"elementor-widget-container\">\n\t\t\t<style>\/*! elementor - v3.21.0 - 15-04-2024 *\/\n.elementor-heading-title{padding:0;margin:0;line-height:1}.elementor-widget-heading .elementor-heading-title[class*=elementor-size-]>a{color:inherit;font-size:inherit;line-height:inherit}.elementor-widget-heading .elementor-heading-title.elementor-size-small{font-size:15px}.elementor-widget-heading .elementor-heading-title.elementor-size-medium{font-size:19px}.elementor-widget-heading .elementor-heading-title.elementor-size-large{font-size:29px}.elementor-widget-heading .elementor-heading-title.elementor-size-xl{font-size:39px}.elementor-widget-heading .elementor-heading-title.elementor-size-xxl{font-size:59px}<\/style><p class=\"elementor-heading-title elementor-size-default\">Contrate Online<\/p>\t\t<\/div>\n\t\t\t\t<\/div>\n\t\t\t\t<div class=\"elementor-element elementor-element-8746a0d elementor-widget elementor-widget-text-editor\" data-id=\"8746a0d\" data-element_type=\"widget\" data-widget_type=\"text-editor.default\">\n\t\t\t\t<div class=\"elementor-widget-container\">\n\t\t\t\t\t\t\t<p>Seguro obrigat\u00f3rio para viagem \u00e0 Europa<\/p>\t\t\t\t\t\t<\/div>\n\t\t\t\t<\/div>\n\t\t\t\t<div data-dce-background-color=\"#FAA914\" class=\"elementor-element elementor-element-a06f0bd elementor-align-justify elementor-widget elementor-widget-button\" data-id=\"a06f0bd\" data-element_type=\"widget\" data-widget_type=\"button.default\">\n\t\t\t\t<div class=\"elementor-widget-container\">\n\t\t\t\t\t<div class=\"elementor-button-wrapper\">\n\t\t\t<a class=\"elementor-button elementor-button-link elementor-size-sm\" href=\"https:\/\/goo.gl\/fLSy9S\" target=\"_blank\" rel=\"nofollow\">\n\t\t\t\t\t\t<span class=\"elementor-button-content-wrapper\">\n\t\t\t\t\t\t\t\t\t<span class=\"elementor-button-text\">CONTRATE AGORA<\/span>\n\t\t\t\t\t<\/span>\n\t\t\t\t\t<\/a>\n\t\t<\/div>\n\t\t\t\t<\/div>\n\t\t\t\t<\/div>\n\t\t\t\t\t<\/div>\n\t\t<\/div>\n\t\t\t\t\t<\/div>\n\t\t<\/section>\n\t\t\t\t<\/div>\n\t\t","protected":false},"excerpt":{"rendered":"<p>Viaje mais tranquilo com o seguro de viagem Sulam\u00e9rica. Este seguro cobre: Cobre despesas m\u00e9dicas, hospitalares e\/ou odontol\u00f3gicas em viagens nacionais ou internacionais. Al\u00e9m disso possui as seguintes coberturas: Acompanhante em caso de hospitaliza\u00e7\u00e3o prolongada; Cancelamento de viagem; Concierge; Despesas Jur\u00eddicas; Despesas M\u00e9dicas, Hospitalares e Odontol\u00f3gicas \u2013 Internacional; Despesas M\u00e9dicas, Hospitalares e Odontol\u00f3gicas \u2013 Nacional; [&hellip;]<\/p>\n","protected":false},"author":1,"featured_media":0,"parent":0,"menu_order":0,"comment_status":"closed","ping_status":"closed","template":"","meta":{"footnotes":""},"class_list":["post-268","page","type-page","status-publish","hentry"],"yoast_head":"<!-- This site is optimized with the Yoast SEO plugin v22.4 - https:\/\/yoast.com\/wordpress\/plugins\/seo\/ -->\n<title>Seguro Viagem - Sa\u00fade Taubat\u00e9<\/title>\n<meta name=\"robots\" content=\"index, follow, max-snippet:-1, max-image-preview:large, max-video-preview:-1\" \/>\n<link rel=\"canonical\" href=\"https:\/\/www.saudetaubate.com.br\/?page_id=268\" \/>\n<meta property=\"og:locale\" content=\"pt_BR\" \/>\n<meta property=\"og:type\" content=\"article\" \/>\n<meta property=\"og:title\" content=\"Seguro Viagem - Sa\u00fade Taubat\u00e9\" \/>\n<meta property=\"og:description\" content=\"Viaje mais tranquilo com o seguro de viagem Sulam\u00e9rica. Este seguro cobre: Cobre despesas m\u00e9dicas, hospitalares e\/ou odontol\u00f3gicas em viagens nacionais ou internacionais. Al\u00e9m disso possui as seguintes coberturas: Acompanhante em caso de hospitaliza\u00e7\u00e3o prolongada; Cancelamento de viagem; Concierge; Despesas Jur\u00eddicas; Despesas M\u00e9dicas, Hospitalares e Odontol\u00f3gicas \u2013 Internacional; Despesas M\u00e9dicas, Hospitalares e Odontol\u00f3gicas \u2013 Nacional; [&hellip;]\" \/>\n<meta property=\"og:url\" content=\"https:\/\/www.saudetaubate.com.br\/?page_id=268\" \/>\n<meta property=\"og:site_name\" content=\"Sa\u00fade Taubat\u00e9\" \/>\n<meta property=\"article:modified_time\" content=\"2021-08-23T17:39:17+00:00\" \/>\n<meta property=\"og:image\" content=\"https:\/\/www.saudetaubate.com.br\/wp-content\/uploads\/2021\/08\/seguro-viagem-150x150.jpg\" \/>\n<meta name=\"twitter:card\" content=\"summary_large_image\" \/>\n<meta name=\"twitter:label1\" content=\"Est. tempo de leitura\" \/>\n\t<meta name=\"twitter:data1\" content=\"1 minuto\" \/>\n<script type=\"application\/ld+json\" class=\"yoast-schema-graph\">{\"@context\":\"https:\/\/schema.org\",\"@graph\":[{\"@type\":\"WebPage\",\"@id\":\"https:\/\/www.saudetaubate.com.br\/?page_id=268\",\"url\":\"https:\/\/www.saudetaubate.com.br\/?page_id=268\",\"name\":\"Seguro Viagem - Sa\u00fade Taubat\u00e9\",\"isPartOf\":{\"@id\":\"https:\/\/www.saudetaubate.com.br\/#website\"},\"primaryImageOfPage\":{\"@id\":\"https:\/\/www.saudetaubate.com.br\/?page_id=268#primaryimage\"},\"image\":{\"@id\":\"https:\/\/www.saudetaubate.com.br\/?page_id=268#primaryimage\"},\"thumbnailUrl\":\"https:\/\/www.saudetaubate.com.br\/wp-content\/uploads\/2021\/08\/seguro-viagem-150x150.jpg\",\"datePublished\":\"2021-08-23T17:35:51+00:00\",\"dateModified\":\"2021-08-23T17:39:17+00:00\",\"breadcrumb\":{\"@id\":\"https:\/\/www.saudetaubate.com.br\/?page_id=268#breadcrumb\"},\"inLanguage\":\"pt-BR\",\"potentialAction\":[{\"@type\":\"ReadAction\",\"target\":[\"https:\/\/www.saudetaubate.com.br\/?page_id=268\"]}]},{\"@type\":\"ImageObject\",\"inLanguage\":\"pt-BR\",\"@id\":\"https:\/\/www.saudetaubate.com.br\/?page_id=268#primaryimage\",\"url\":\"https:\/\/www.saudetaubate.com.br\/wp-content\/uploads\/2021\/08\/seguro-viagem.jpg\",\"contentUrl\":\"https:\/\/www.saudetaubate.com.br\/wp-content\/uploads\/2021\/08\/seguro-viagem.jpg\",\"width\":1024,\"height\":306},{\"@type\":\"BreadcrumbList\",\"@id\":\"https:\/\/www.saudetaubate.com.br\/?page_id=268#breadcrumb\",\"itemListElement\":[{\"@type\":\"ListItem\",\"position\":1,\"name\":\"In\u00edcio\",\"item\":\"https:\/\/www.saudetaubate.com.br\/\"},{\"@type\":\"ListItem\",\"position\":2,\"name\":\"Seguro Viagem\"}]},{\"@type\":\"WebSite\",\"@id\":\"https:\/\/www.saudetaubate.com.br\/#website\",\"url\":\"https:\/\/www.saudetaubate.com.br\/\",\"name\":\"Sa\u00fade Taubat\u00e9\",\"description\":\"S\u00f3 mais um site WordPress\",\"potentialAction\":[{\"@type\":\"SearchAction\",\"target\":{\"@type\":\"EntryPoint\",\"urlTemplate\":\"https:\/\/www.saudetaubate.com.br\/?s={search_term_string}\"},\"query-input\":\"required name=search_term_string\"}],\"inLanguage\":\"pt-BR\"}]}<\/script>\n<!-- \/ Yoast SEO plugin. -->","yoast_head_json":{"title":"Seguro Viagem - Sa\u00fade Taubat\u00e9","robots":{"index":"index","follow":"follow","max-snippet":"max-snippet:-1","max-image-preview":"max-image-preview:large","max-video-preview":"max-video-preview:-1"},"canonical":"https:\/\/www.saudetaubate.com.br\/?page_id=268","og_locale":"pt_BR","og_type":"article","og_title":"Seguro Viagem - Sa\u00fade Taubat\u00e9","og_description":"Viaje mais tranquilo com o seguro de viagem Sulam\u00e9rica. Este seguro cobre: Cobre despesas m\u00e9dicas, hospitalares e\/ou odontol\u00f3gicas em viagens nacionais ou internacionais. Al\u00e9m disso possui as seguintes coberturas: Acompanhante em caso de hospitaliza\u00e7\u00e3o prolongada; Cancelamento de viagem; Concierge; Despesas Jur\u00eddicas; Despesas M\u00e9dicas, Hospitalares e Odontol\u00f3gicas \u2013 Internacional; Despesas M\u00e9dicas, Hospitalares e Odontol\u00f3gicas \u2013 Nacional; [&hellip;]","og_url":"https:\/\/www.saudetaubate.com.br\/?page_id=268","og_site_name":"Sa\u00fade Taubat\u00e9","article_modified_time":"2021-08-23T17:39:17+00:00","og_image":[{"url":"https:\/\/www.saudetaubate.com.br\/wp-content\/uploads\/2021\/08\/seguro-viagem-150x150.jpg"}],"twitter_card":"summary_large_image","twitter_misc":{"Est. tempo de leitura":"1 minuto"},"schema":{"@context":"https:\/\/schema.org","@graph":[{"@type":"WebPage","@id":"https:\/\/www.saudetaubate.com.br\/?page_id=268","url":"https:\/\/www.saudetaubate.com.br\/?page_id=268","name":"Seguro Viagem - Sa\u00fade Taubat\u00e9","isPartOf":{"@id":"https:\/\/www.saudetaubate.com.br\/#website"},"primaryImageOfPage":{"@id":"https:\/\/www.saudetaubate.com.br\/?page_id=268#primaryimage"},"image":{"@id":"https:\/\/www.saudetaubate.com.br\/?page_id=268#primaryimage"},"thumbnailUrl":"https:\/\/www.saudetaubate.com.br\/wp-content\/uploads\/2021\/08\/seguro-viagem-150x150.jpg","datePublished":"2021-08-23T17:35:51+00:00","dateModified":"2021-08-23T17:39:17+00:00","breadcrumb":{"@id":"https:\/\/www.saudetaubate.com.br\/?page_id=268#breadcrumb"},"inLanguage":"pt-BR","potentialAction":[{"@type":"ReadAction","target":["https:\/\/www.saudetaubate.com.br\/?page_id=268"]}]},{"@type":"ImageObject","inLanguage":"pt-BR","@id":"https:\/\/www.saudetaubate.com.br\/?page_id=268#primaryimage","url":"https:\/\/www.saudetaubate.com.br\/wp-content\/uploads\/2021\/08\/seguro-viagem.jpg","contentUrl":"https:\/\/www.saudetaubate.com.br\/wp-content\/uploads\/2021\/08\/seguro-viagem.jpg","width":1024,"height":306},{"@type":"BreadcrumbList","@id":"https:\/\/www.saudetaubate.com.br\/?page_id=268#breadcrumb","itemListElement":[{"@type":"ListItem","position":1,"name":"In\u00edcio","item":"https:\/\/www.saudetaubate.com.br\/"},{"@type":"ListItem","position":2,"name":"Seguro Viagem"}]},{"@type":"WebSite","@id":"https:\/\/www.saudetaubate.com.br\/#website","url":"https:\/\/www.saudetaubate.com.br\/","name":"Sa\u00fade Taubat\u00e9","description":"S\u00f3 mais um site WordPress","potentialAction":[{"@type":"SearchAction","target":{"@type":"EntryPoint","urlTemplate":"https:\/\/www.saudetaubate.com.br\/?s={search_term_string}"},"query-input":"required name=search_term_string"}],"inLanguage":"pt-BR"}]}},"_links":{"self":[{"href":"https:\/\/www.saudetaubate.com.br\/index.php?rest_route=\/wp\/v2\/pages\/268","targetHints":{"allow":["GET"]}}],"collection":[{"href":"https:\/\/www.saudetaubate.com.br\/index.php?rest_route=\/wp\/v2\/pages"}],"about":[{"href":"https:\/\/www.saudetaubate.com.br\/index.php?rest_route=\/wp\/v2\/types\/page"}],"author":[{"embeddable":true,"href":"https:\/\/www.saudetaubate.com.br\/index.php?rest_route=\/wp\/v2\/users\/1"}],"replies":[{"embeddable":true,"href":"https:\/\/www.saudetaubate.com.br\/index.php?rest_route=%2Fwp%2Fv2%2Fcomments&post=268"}],"version-history":[{"count":7,"href":"https:\/\/www.saudetaubate.com.br\/index.php?rest_route=\/wp\/v2\/pages\/268\/revisions"}],"predecessor-version":[{"id":276,"href":"https:\/\/www.saudetaubate.com.br\/index.php?rest_route=\/wp\/v2\/pages\/268\/revisions\/276"}],"wp:attachment":[{"href":"https:\/\/www.saudetaubate.com.br\/index.php?rest_route=%2Fwp%2Fv2%2Fmedia&parent=268"}],"curies":[{"name":"wp","href":"https:\/\/api.w.org\/{rel}","templated":true}]}}